{"id":777,"date":"2025-11-16T17:57:12","date_gmt":"2025-11-16T16:57:12","guid":{"rendered":"https:\/\/afoletvous.com\/?page_id=777"},"modified":"2026-02-11T10:54:54","modified_gmt":"2026-02-11T09:54:54","slug":"afol-racing-team","status":"publish","type":"page","link":"https:\/\/afoletvous.com\/index.php\/afol-racing-team\/","title":{"rendered":"AFOL Racing Team"},"content":{"rendered":"\n<h3 class=\"wp-block-heading\"><mark style=\"background-color:rgba(0, 0, 0, 0)\" class=\"has-inline-color has-woostify-primary-color\"><img loading=\"lazy\" decoding=\"async\" width=\"25\" height=\"19\" class=\"wp-image-785\" style=\"width: 25px;\" src=\"https:\/\/afoletvous.com\/wp-content\/uploads\/2025\/11\/Capture-decran-2025-11-16-a-17.44.20.png\" alt=\"\" srcset=\"https:\/\/afoletvous.com\/wp-content\/uploads\/2025\/11\/Capture-decran-2025-11-16-a-17.44.20.png 446w, https:\/\/afoletvous.com\/wp-content\/uploads\/2025\/11\/Capture-decran-2025-11-16-a-17.44.20-300x231.png 300w, https:\/\/afoletvous.com\/wp-content\/uploads\/2025\/11\/Capture-decran-2025-11-16-a-17.44.20-24x19.png 24w, https:\/\/afoletvous.com\/wp-content\/uploads\/2025\/11\/Capture-decran-2025-11-16-a-17.44.20-36x28.png 36w, https:\/\/afoletvous.com\/wp-content\/uploads\/2025\/11\/Capture-decran-2025-11-16-a-17.44.20-48x37.png 48w\" sizes=\"auto, (max-width: 25px) 100vw, 25px\" \/><strong>AFOL RACING TEAM c&rsquo;est quoi<\/strong> ?<\/mark><\/h3>\n\n\n\n<p>C\u2019est la rencontre entre 2 univers du jouet : Lego &amp; Carrera Go !<\/p>\n\n\n\n<p>Le concept : Une base Carrera Go! compatible Lego qui permet de cr\u00e9er et d\u2019imaginer sa propre voiture avec des pi\u00e8ces Lego en vrac \u00e0 disposition !<\/p>\n\n\n\n<p>2 circuits ind\u00e9pendants (1 mode Grand Prix, 1 mode ville) pour tester son bolide autour d\u2019un d\u00e9cor enti\u00e8rement r\u00e9alis\u00e9 et habill\u00e9 en Lego pour des courses endiabl\u00e9es autour d\u2019un looping, d\u2019un tunnel, d\u2019une plage, et pleins d\u2019autres univers \u00e0 d\u00e9couvrir !<\/p>\n\n\n\n<figure class=\"wp-block-image size-large\"><img loading=\"lazy\" decoding=\"async\" width=\"1024\" height=\"217\" src=\"https:\/\/afoletvous.com\/wp-content\/uploads\/2025\/11\/Capture-decran-2025-11-16-a-17.46.08-1024x217.png\" alt=\"\" class=\"wp-image-794\" srcset=\"https:\/\/afoletvous.com\/wp-content\/uploads\/2025\/11\/Capture-decran-2025-11-16-a-17.46.08-1024x217.png 1024w, https:\/\/afoletvous.com\/wp-content\/uploads\/2025\/11\/Capture-decran-2025-11-16-a-17.46.08-300x64.png 300w, https:\/\/afoletvous.com\/wp-content\/uploads\/2025\/11\/Capture-decran-2025-11-16-a-17.46.08-768x163.png 768w, https:\/\/afoletvous.com\/wp-content\/uploads\/2025\/11\/Capture-decran-2025-11-16-a-17.46.08-1536x326.png 1536w, https:\/\/afoletvous.com\/wp-content\/uploads\/2025\/11\/Capture-decran-2025-11-16-a-17.46.08-2048x435.png 2048w, https:\/\/afoletvous.com\/wp-content\/uploads\/2025\/11\/Capture-decran-2025-11-16-a-17.46.08-24x5.png 24w, https:\/\/afoletvous.com\/wp-content\/uploads\/2025\/11\/Capture-decran-2025-11-16-a-17.46.08-36x8.png 36w, https:\/\/afoletvous.com\/wp-content\/uploads\/2025\/11\/Capture-decran-2025-11-16-a-17.46.08-48x10.png 48w, https:\/\/afoletvous.com\/wp-content\/uploads\/2025\/11\/Capture-decran-2025-11-16-a-17.46.08-600x127.png 600w\" sizes=\"auto, (max-width: 1024px) 100vw, 1024px\" \/><\/figure>\n\n\n\n<h3 class=\"wp-block-heading\"><mark style=\"background-color:rgba(0, 0, 0, 0)\" class=\"has-inline-color has-woostify-primary-color\"><img loading=\"lazy\" decoding=\"async\" width=\"25\" height=\"19\" class=\"wp-image-785\" style=\"width: 25px;\" src=\"https:\/\/afoletvous.com\/wp-content\/uploads\/2025\/11\/Capture-decran-2025-11-16-a-17.44.20.png\" alt=\"\" srcset=\"https:\/\/afoletvous.com\/wp-content\/uploads\/2025\/11\/Capture-decran-2025-11-16-a-17.44.20.png 446w, https:\/\/afoletvous.com\/wp-content\/uploads\/2025\/11\/Capture-decran-2025-11-16-a-17.44.20-300x231.png 300w, https:\/\/afoletvous.com\/wp-content\/uploads\/2025\/11\/Capture-decran-2025-11-16-a-17.44.20-24x19.png 24w, https:\/\/afoletvous.com\/wp-content\/uploads\/2025\/11\/Capture-decran-2025-11-16-a-17.44.20-36x28.png 36w, https:\/\/afoletvous.com\/wp-content\/uploads\/2025\/11\/Capture-decran-2025-11-16-a-17.44.20-48x37.png 48w\" sizes=\"auto, (max-width: 25px) 100vw, 25px\" \/><strong>AFOL RACING TEAM en photos<\/strong><\/mark><\/h3>\n\n\n\n<p>Lors du dernier salon de l&rsquo;auto du 7 au 11 novembre 2025 au MEETT de Toulouse :<\/p>\n\n\n\n<figure class=\"wp-block-image size-large is-resized\"><img loading=\"lazy\" decoding=\"async\" width=\"1024\" height=\"644\" src=\"https:\/\/afoletvous.com\/wp-content\/uploads\/2025\/11\/Capture-decran-2025-11-16-a-17.32.46-1-1024x644.png\" alt=\"\" class=\"wp-image-788\" style=\"width:1112px;height:auto\" srcset=\"https:\/\/afoletvous.com\/wp-content\/uploads\/2025\/11\/Capture-decran-2025-11-16-a-17.32.46-1-1024x644.png 1024w, https:\/\/afoletvous.com\/wp-content\/uploads\/2025\/11\/Capture-decran-2025-11-16-a-17.32.46-1-300x189.png 300w, https:\/\/afoletvous.com\/wp-content\/uploads\/2025\/11\/Capture-decran-2025-11-16-a-17.32.46-1-768x483.png 768w, https:\/\/afoletvous.com\/wp-content\/uploads\/2025\/11\/Capture-decran-2025-11-16-a-17.32.46-1-1536x966.png 1536w, https:\/\/afoletvous.com\/wp-content\/uploads\/2025\/11\/Capture-decran-2025-11-16-a-17.32.46-1-24x15.png 24w, https:\/\/afoletvous.com\/wp-content\/uploads\/2025\/11\/Capture-decran-2025-11-16-a-17.32.46-1-36x23.png 36w, https:\/\/afoletvous.com\/wp-content\/uploads\/2025\/11\/Capture-decran-2025-11-16-a-17.32.46-1-48x30.png 48w, https:\/\/afoletvous.com\/wp-content\/uploads\/2025\/11\/Capture-decran-2025-11-16-a-17.32.46-1-600x377.png 600w, https:\/\/afoletvous.com\/wp-content\/uploads\/2025\/11\/Capture-decran-2025-11-16-a-17.32.46-1.png 1793w\" sizes=\"auto, (max-width: 1024px) 100vw, 1024px\" \/><\/figure>\n\n\n\n<h3 class=\"wp-block-heading\"><strong><mark style=\"background-color:rgba(0, 0, 0, 0)\" class=\"has-inline-color has-woostify-primary-color\"><img loading=\"lazy\" decoding=\"async\" width=\"25\" height=\"19\" class=\"wp-image-785\" style=\"width: 25px;\" src=\"https:\/\/afoletvous.com\/wp-content\/uploads\/2025\/11\/Capture-decran-2025-11-16-a-17.44.20.png\" alt=\"\" srcset=\"https:\/\/afoletvous.com\/wp-content\/uploads\/2025\/11\/Capture-decran-2025-11-16-a-17.44.20.png 446w, https:\/\/afoletvous.com\/wp-content\/uploads\/2025\/11\/Capture-decran-2025-11-16-a-17.44.20-300x231.png 300w, https:\/\/afoletvous.com\/wp-content\/uploads\/2025\/11\/Capture-decran-2025-11-16-a-17.44.20-24x19.png 24w, https:\/\/afoletvous.com\/wp-content\/uploads\/2025\/11\/Capture-decran-2025-11-16-a-17.44.20-36x28.png 36w, https:\/\/afoletvous.com\/wp-content\/uploads\/2025\/11\/Capture-decran-2025-11-16-a-17.44.20-48x37.png 48w\" sizes=\"auto, (max-width: 25px) 100vw, 25px\" \/>AFOL RACING TEAM en bref<\/mark><\/strong><\/h3>\n\n\n\n<figure class=\"wp-block-image size-full is-resized\"><img loading=\"lazy\" decoding=\"async\" width=\"2126\" height=\"758\" src=\"https:\/\/afoletvous.com\/wp-content\/uploads\/2025\/11\/Capture-decran-2025-11-16-a-20.19.34.png\" alt=\"\" class=\"wp-image-818\" style=\"width:668px;height:auto\" srcset=\"https:\/\/afoletvous.com\/wp-content\/uploads\/2025\/11\/Capture-decran-2025-11-16-a-20.19.34.png 2126w, https:\/\/afoletvous.com\/wp-content\/uploads\/2025\/11\/Capture-decran-2025-11-16-a-20.19.34-300x107.png 300w, https:\/\/afoletvous.com\/wp-content\/uploads\/2025\/11\/Capture-decran-2025-11-16-a-20.19.34-1024x365.png 1024w, https:\/\/afoletvous.com\/wp-content\/uploads\/2025\/11\/Capture-decran-2025-11-16-a-20.19.34-768x274.png 768w\" sizes=\"auto, (max-width: 2126px) 100vw, 2126px\" \/><\/figure>\n\n\n\n<h3 class=\"wp-block-heading\"><mark style=\"background-color:rgba(0, 0, 0, 0)\" class=\"has-inline-color has-woostify-primary-color\"><img loading=\"lazy\" decoding=\"async\" width=\"25\" height=\"19\" class=\"wp-image-785\" style=\"width: 25px;\" src=\"https:\/\/afoletvous.com\/wp-content\/uploads\/2025\/11\/Capture-decran-2025-11-16-a-17.44.20.png\" alt=\"\" srcset=\"https:\/\/afoletvous.com\/wp-content\/uploads\/2025\/11\/Capture-decran-2025-11-16-a-17.44.20.png 446w, https:\/\/afoletvous.com\/wp-content\/uploads\/2025\/11\/Capture-decran-2025-11-16-a-17.44.20-300x231.png 300w, https:\/\/afoletvous.com\/wp-content\/uploads\/2025\/11\/Capture-decran-2025-11-16-a-17.44.20-24x19.png 24w, https:\/\/afoletvous.com\/wp-content\/uploads\/2025\/11\/Capture-decran-2025-11-16-a-17.44.20-36x28.png 36w, https:\/\/afoletvous.com\/wp-content\/uploads\/2025\/11\/Capture-decran-2025-11-16-a-17.44.20-48x37.png 48w\" sizes=\"auto, (max-width: 25px) 100vw, 25px\" \/><strong>AFOL RACING TEAM sur les r\u00e9seaux<\/strong> !<\/mark><\/h3>\n\n\n\n<figure class=\"wp-block-image size-large is-resized\"><a href=\"https:\/\/www.tf1.fr\/lci\/bonjour-la-matinale-tf1\/videos\/le-boost-thomas-et-nicolas-une-amitie-solide-comme-une-brique-33006478.html\" target=\"_blank\" rel=\" noreferrer noopener\"><img loading=\"lazy\" decoding=\"async\" width=\"1024\" height=\"654\" src=\"https:\/\/afoletvous.com\/wp-content\/uploads\/2026\/02\/TF1-1024x654.png\" alt=\"\" class=\"wp-image-897\" style=\"aspect-ratio:1.5650472774698403;width:677px;height:auto\" srcset=\"https:\/\/afoletvous.com\/wp-content\/uploads\/2026\/02\/TF1-1024x654.png 1024w, https:\/\/afoletvous.com\/wp-content\/uploads\/2026\/02\/TF1-300x192.png 300w, https:\/\/afoletvous.com\/wp-content\/uploads\/2026\/02\/TF1-768x491.png 768w, https:\/\/afoletvous.com\/wp-content\/uploads\/2026\/02\/TF1-24x15.png 24w, https:\/\/afoletvous.com\/wp-content\/uploads\/2026\/02\/TF1-36x23.png 36w, https:\/\/afoletvous.com\/wp-content\/uploads\/2026\/02\/TF1-48x31.png 48w, https:\/\/afoletvous.com\/wp-content\/uploads\/2026\/02\/TF1-600x383.png 600w, https:\/\/afoletvous.com\/wp-content\/uploads\/2026\/02\/TF1.png 1396w\" sizes=\"auto, (max-width: 1024px) 100vw, 1024px\" \/><\/a><\/figure>\n\n\n\n<figure class=\"wp-block-image size-large is-resized\"><a href=\"https:\/\/france3-regions.franceinfo.fr\/occitanie\/haute-garonne\/toulouse\/un-circuit-geant-en-lego-de-60-000-briques-cree-par-deux-anciens-participants-de-lego-masters-au-salon-de-l-auto-3243592.html\" target=\"_blank\" rel=\" noreferrer noopener\"><img loading=\"lazy\" decoding=\"async\" width=\"1024\" height=\"450\" src=\"https:\/\/afoletvous.com\/wp-content\/uploads\/2025\/11\/Capture-decran-2025-11-16-a-17.40.27-1024x450.png\" alt=\"\" class=\"wp-image-805\" style=\"width:678px;height:auto\" srcset=\"https:\/\/afoletvous.com\/wp-content\/uploads\/2025\/11\/Capture-decran-2025-11-16-a-17.40.27-1024x450.png 1024w, https:\/\/afoletvous.com\/wp-content\/uploads\/2025\/11\/Capture-decran-2025-11-16-a-17.40.27-300x132.png 300w, https:\/\/afoletvous.com\/wp-content\/uploads\/2025\/11\/Capture-decran-2025-11-16-a-17.40.27-768x337.png 768w, https:\/\/afoletvous.com\/wp-content\/uploads\/2025\/11\/Capture-decran-2025-11-16-a-17.40.27.png 1616w\" sizes=\"auto, (max-width: 1024px) 100vw, 1024px\" \/><\/a><\/figure>\n\n\n\n<figure class=\"wp-block-image size-large is-resized\"><a href=\"https:\/\/www.instagram.com\/reel\/DQ7ZioXl_og\/\" target=\"_blank\" rel=\" noreferrer noopener\"><img loading=\"lazy\" decoding=\"async\" width=\"776\" height=\"1024\" src=\"https:\/\/afoletvous.com\/wp-content\/uploads\/2025\/11\/Capture-decran-2025-11-16-a-17.40.35-776x1024.png\" alt=\"\" class=\"wp-image-806\" style=\"width:439px;height:auto\" srcset=\"https:\/\/afoletvous.com\/wp-content\/uploads\/2025\/11\/Capture-decran-2025-11-16-a-17.40.35-776x1024.png 776w, https:\/\/afoletvous.com\/wp-content\/uploads\/2025\/11\/Capture-decran-2025-11-16-a-17.40.35-227x300.png 227w, https:\/\/afoletvous.com\/wp-content\/uploads\/2025\/11\/Capture-decran-2025-11-16-a-17.40.35-768x1013.png 768w, https:\/\/afoletvous.com\/wp-content\/uploads\/2025\/11\/Capture-decran-2025-11-16-a-17.40.35-18x24.png 18w, https:\/\/afoletvous.com\/wp-content\/uploads\/2025\/11\/Capture-decran-2025-11-16-a-17.40.35-27x36.png 27w, https:\/\/afoletvous.com\/wp-content\/uploads\/2025\/11\/Capture-decran-2025-11-16-a-17.40.35-36x48.png 36w, https:\/\/afoletvous.com\/wp-content\/uploads\/2025\/11\/Capture-decran-2025-11-16-a-17.40.35-600x791.png 600w, https:\/\/afoletvous.com\/wp-content\/uploads\/2025\/11\/Capture-decran-2025-11-16-a-17.40.35.png 828w\" sizes=\"auto, (max-width: 776px) 100vw, 776px\" \/><\/a><\/figure>\n\n\n\n<figure class=\"wp-block-image size-large is-resized\"><a href=\"https:\/\/www.instagram.com\/p\/DQpD5i-jEF-\/?hl=fr\" target=\"_blank\" rel=\" noreferrer noopener\"><img loading=\"lazy\" decoding=\"async\" width=\"769\" height=\"1024\" src=\"https:\/\/afoletvous.com\/wp-content\/uploads\/2025\/11\/Capture-decran-2025-11-16-a-17.40.46-769x1024.png\" alt=\"\" class=\"wp-image-807\" style=\"width:432px;height:auto\" srcset=\"https:\/\/afoletvous.com\/wp-content\/uploads\/2025\/11\/Capture-decran-2025-11-16-a-17.40.46-769x1024.png 769w, https:\/\/afoletvous.com\/wp-content\/uploads\/2025\/11\/Capture-decran-2025-11-16-a-17.40.46-225x300.png 225w, https:\/\/afoletvous.com\/wp-content\/uploads\/2025\/11\/Capture-decran-2025-11-16-a-17.40.46-768x1023.png 768w, https:\/\/afoletvous.com\/wp-content\/uploads\/2025\/11\/Capture-decran-2025-11-16-a-17.40.46-18x24.png 18w, https:\/\/afoletvous.com\/wp-content\/uploads\/2025\/11\/Capture-decran-2025-11-16-a-17.40.46-27x36.png 27w, https:\/\/afoletvous.com\/wp-content\/uploads\/2025\/11\/Capture-decran-2025-11-16-a-17.40.46-36x48.png 36w, https:\/\/afoletvous.com\/wp-content\/uploads\/2025\/11\/Capture-decran-2025-11-16-a-17.40.46-600x799.png 600w, https:\/\/afoletvous.com\/wp-content\/uploads\/2025\/11\/Capture-decran-2025-11-16-a-17.40.46.png 820w\" sizes=\"auto, (max-width: 769px) 100vw, 769px\" \/><\/a><\/figure>\n\n\n\n<h3 class=\"wp-block-heading\"><mark style=\"background-color:rgba(0, 0, 0, 0)\" class=\"has-inline-color has-woostify-primary-color\"><img loading=\"lazy\" decoding=\"async\" width=\"25\" height=\"19\" class=\"wp-image-785\" style=\"width: 25px;\" src=\"https:\/\/afoletvous.com\/wp-content\/uploads\/2025\/11\/Capture-decran-2025-11-16-a-17.44.20.png\" alt=\"\" srcset=\"https:\/\/afoletvous.com\/wp-content\/uploads\/2025\/11\/Capture-decran-2025-11-16-a-17.44.20.png 446w, https:\/\/afoletvous.com\/wp-content\/uploads\/2025\/11\/Capture-decran-2025-11-16-a-17.44.20-300x231.png 300w, https:\/\/afoletvous.com\/wp-content\/uploads\/2025\/11\/Capture-decran-2025-11-16-a-17.44.20-24x19.png 24w, https:\/\/afoletvous.com\/wp-content\/uploads\/2025\/11\/Capture-decran-2025-11-16-a-17.44.20-36x28.png 36w, https:\/\/afoletvous.com\/wp-content\/uploads\/2025\/11\/Capture-decran-2025-11-16-a-17.44.20-48x37.png 48w\" sizes=\"auto, (max-width: 25px) 100vw, 25px\" \/><strong>AFOL RACING TEAM chez vous ?<\/strong><\/mark><\/h3>\n\n\n\n<p>Vous souhaitez louer l&rsquo;AFOL RACING TEAM pour un \u00e9v\u00e8nement, un team building, un salon ? Remplissez vite ce <a href=\"https:\/\/forms.gle\/Y6z7tiSB4BZMR4SJ6\" target=\"_blank\" rel=\"noreferrer noopener\">formulaire<\/a><\/p>\n\n\n\n<p>Vous serez recontact\u00e9 au plus vite par notre \u00e9quipe pour une \u00e9tude et un chiffrage complet.<\/p>\n","protected":false},"excerpt":{"rendered":"<p>AFOL RACING TEAM c&rsquo;est quoi ? C\u2019est la rencontre entre 2 univers du jouet : Lego &amp; Carrera Go !&#8230;<\/p>\n","protected":false},"author":2,"featured_media":0,"parent":0,"menu_order":0,"comment_status":"closed","ping_status":"closed","template":"","meta":{"footnotes":""},"class_list":["post-777","page","type-page","status-publish","hentry"],"jetpack_sharing_enabled":true,"_links":{"self":[{"href":"https:\/\/afoletvous.com\/index.php\/wp-json\/wp\/v2\/pages\/777","targetHints":{"allow":["GET"]}}],"collection":[{"href":"https:\/\/afoletvous.com\/index.php\/wp-json\/wp\/v2\/pages"}],"about":[{"href":"https:\/\/afoletvous.com\/index.php\/wp-json\/wp\/v2\/types\/page"}],"author":[{"embeddable":true,"href":"https:\/\/afoletvous.com\/index.php\/wp-json\/wp\/v2\/users\/2"}],"replies":[{"embeddable":true,"href":"https:\/\/afoletvous.com\/index.php\/wp-json\/wp\/v2\/comments?post=777"}],"version-history":[{"count":29,"href":"https:\/\/afoletvous.com\/index.php\/wp-json\/wp\/v2\/pages\/777\/revisions"}],"predecessor-version":[{"id":898,"href":"https:\/\/afoletvous.com\/index.php\/wp-json\/wp\/v2\/pages\/777\/revisions\/898"}],"wp:attachment":[{"href":"https:\/\/afoletvous.com\/index.php\/wp-json\/wp\/v2\/media?parent=777"}],"curies":[{"name":"wp","href":"https:\/\/api.w.org\/{rel}","templated":true}]}}